{"id":2414,"date":"2024-05-04T19:07:53","date_gmt":"2024-05-04T17:07:53","guid":{"rendered":"https:\/\/lcavotes.org\/judicial\/"},"modified":"2025-01-13T20:12:05","modified_gmt":"2025-01-13T19:12:05","slug":"judicial","status":"publish","type":"page","link":"https:\/\/lcavotes.org\/es\/judicial\/","title":{"rendered":"Judicial"},"content":{"rendered":"\t\t<div data-elementor-type=\"wp-page\" data-elementor-id=\"2414\" class=\"elementor elementor-2414 elementor-405\" data-elementor-post-type=\"page\">\n\t\t\t\t\t\t<section class=\"elementor-section elementor-top-section elementor-element elementor-element-1b204bf7 elementor-section-boxed elementor-section-height-default elementor-section-height-default exad-glass-effect-no exad-sticky-section-no\" data-id=\"1b204bf7\" data-element_type=\"section\" data-e-type=\"section\" data-settings=\"{&quot;background_background&quot;:&quot;classic&quot;}\">\n\t\t\t\t\t\t\t<div class=\"elementor-background-overlay\"><\/div>\n\t\t\t\t\t\t\t<div class=\"elementor-container elementor-column-gap-no\">\n\t\t\t\t\t<div class=\"elementor-column elementor-col-100 elementor-top-column elementor-element elementor-element-bf7da53 exad-glass-effect-no exad-sticky-section-no\" data-id=\"bf7da53\" data-element_type=\"column\" data-e-type=\"column\">\n\t\t\t<div class=\"elementor-widget-wrap elementor-element-populated\">\n\t\t\t\t\t\t<div class=\"elementor-element elementor-element-22dcdc32 exad-sticky-section-no exad-glass-effect-no elementor-invisible elementor-widget elementor-widget-heading\" data-id=\"22dcdc32\" data-element_type=\"widget\" data-e-type=\"widget\" data-settings=\"{&quot;_animation&quot;:&quot;zoomInLeft&quot;}\" data-widget_type=\"heading.default\">\n\t\t\t\t<div class=\"elementor-widget-container\">\n\t\t\t\t\t<h1 class=\"elementor-heading-title elementor-size-default\">VIOLENCIA ARMADA<\/h1>\t\t\t\t<\/div>\n\t\t\t\t<\/div>\n\t\t\t\t<div class=\"elementor-element elementor-element-12e46b09 elementor-widget__width-auto exad-sticky-section-no exad-glass-effect-no elementor-widget elementor-widget-heading\" data-id=\"12e46b09\" data-element_type=\"widget\" data-e-type=\"widget\" data-widget_type=\"heading.default\">\n\t\t\t\t<div class=\"elementor-widget-container\">\n\t\t\t\t\t<div class=\"elementor-heading-title elementor-size-default\"><a href=\"https:\/\/lcavotes.org\/es\/\">Inicio<\/a><\/div>\t\t\t\t<\/div>\n\t\t\t\t<\/div>\n\t\t\t\t<div class=\"elementor-element elementor-element-538a0fea elementor-widget__width-auto exad-sticky-section-no exad-glass-effect-no elementor-widget elementor-widget-heading\" data-id=\"538a0fea\" data-element_type=\"widget\" data-e-type=\"widget\" data-widget_type=\"heading.default\">\n\t\t\t\t<div class=\"elementor-widget-container\">\n\t\t\t\t\t<div class=\"elementor-heading-title elementor-size-default\">\/<\/div>\t\t\t\t<\/div>\n\t\t\t\t<\/div>\n\t\t\t\t<div class=\"elementor-element elementor-element-663a04b5 elementor-widget__width-auto exad-sticky-section-no exad-glass-effect-no elementor-widget elementor-widget-heading\" data-id=\"663a04b5\" data-element_type=\"widget\" data-e-type=\"widget\" data-widget_type=\"heading.default\">\n\t\t\t\t<div class=\"elementor-widget-container\">\n\t\t\t\t\t<div class=\"elementor-heading-title elementor-size-default\"><a href=\"#\">Violencia armada<\/a><\/div>\t\t\t\t<\/div>\n\t\t\t\t<\/div>\n\t\t\t\t\t<\/div>\n\t\t<\/div>\n\t\t\t\t\t<\/div>\n\t\t<\/section>\n\t\t\t\t<section class=\"elementor-section elementor-top-section elementor-element elementor-element-148ee799 elementor-section-boxed elementor-section-height-default elementor-section-height-default exad-glass-effect-no exad-sticky-section-no\" data-id=\"148ee799\" data-element_type=\"section\" data-e-type=\"section\">\n\t\t\t\t\t\t<div class=\"elementor-container elementor-column-gap-no\">\n\t\t\t\t\t<div class=\"elementor-column elementor-col-100 elementor-top-column elementor-element elementor-element-51d71744 exad-glass-effect-no exad-sticky-section-no\" data-id=\"51d71744\" data-element_type=\"column\" data-e-type=\"column\">\n\t\t\t<div class=\"elementor-widget-wrap elementor-element-populated\">\n\t\t\t\t\t\t<section class=\"elementor-section elementor-inner-section elementor-element elementor-element-2c1b9484 elementor-section-boxed elementor-section-height-default elementor-section-height-default exad-glass-effect-no exad-sticky-section-no\" data-id=\"2c1b9484\" data-element_type=\"section\" data-e-type=\"section\">\n\t\t\t\t\t\t<div class=\"elementor-container elementor-column-gap-no\">\n\t\t\t\t\t<div class=\"elementor-column elementor-col-100 elementor-inner-column elementor-element elementor-element-223b71f4 exad-glass-effect-no exad-sticky-section-no\" data-id=\"223b71f4\" data-element_type=\"column\" data-e-type=\"column\">\n\t\t\t<div class=\"elementor-widget-wrap elementor-element-populated\">\n\t\t\t\t\t\t<div class=\"elementor-element elementor-element-daf0a8e elementor-widget__width-auto exad-sticky-section-no exad-glass-effect-no elementor-widget elementor-widget-heading\" data-id=\"daf0a8e\" data-element_type=\"widget\" data-e-type=\"widget\" data-widget_type=\"heading.default\">\n\t\t\t\t<div class=\"elementor-widget-container\">\n\t\t\t\t\t<h6 class=\"elementor-heading-title elementor-size-default\">pilares<\/h6>\t\t\t\t<\/div>\n\t\t\t\t<\/div>\n\t\t\t\t<div class=\"elementor-element elementor-element-29d6916a exad-sticky-section-no exad-glass-effect-no elementor-invisible elementor-widget elementor-widget-heading\" data-id=\"29d6916a\" data-element_type=\"widget\" data-e-type=\"widget\" data-settings=\"{&quot;_animation&quot;:&quot;fadeInUp&quot;}\" data-widget_type=\"heading.default\">\n\t\t\t\t<div class=\"elementor-widget-container\">\n\t\t\t\t\t<h2 class=\"elementor-heading-title elementor-size-default\">La violencia armada tiene un&nbsp;impacto devastador en las comunidades hispanas<\/h2>\t\t\t\t<\/div>\n\t\t\t\t<\/div>\n\t\t\t\t<div class=\"elementor-element elementor-element-64e75e36 exad-sticky-section-no exad-glass-effect-no elementor-widget elementor-widget-heading\" data-id=\"64e75e36\" data-element_type=\"widget\" data-e-type=\"widget\" data-widget_type=\"heading.default\">\n\t\t\t\t<div class=\"elementor-widget-container\">\n\t\t\t\t\t<div class=\"elementor-heading-title elementor-size-default\"><b>La Legislatura del Estado de Washington debe financiar adecuadamente los programas comunitarios de prevenci\u00f3n e intervenci\u00f3n de Gun que se centran en servicios integrales.<\/b><br><br>\n<b>Los ni\u00f1os y adolescentes de EEUU sufren tasas asombrosamente altas de muertes y lesiones por armas de fuego. Tambi\u00e9n se ven perjudicados cuando matan a un amigo o a un familiar con un arma de fuego, cuando disparan a alguien que conocen y cuando presencian y oyen disparos.<\/b>  Los homicidios con armas de fuego, los tiroteos no mortales y la exposici\u00f3n a la violencia armada truncan vidas y, debido a su impacto desproporcionado, reflejan e intensifican las desigualdades raciales de larga data de este estado y del pa\u00eds. Los ni\u00f1os y adolescentes latinos se ven afectados por la violencia armada en mayor medida que sus compa\u00f1eros blancos, en parte debido a decisiones pol\u00edticas deliberadas que crearon barrios segregados y una inversi\u00f3n insuficiente en sus comunidades. La exposici\u00f3n a la violencia armada repercute en el bienestar psicol\u00f3gico y mental de ni\u00f1os y adolescentes y afecta a su rendimiento escolar, entre otros factores. Cuando los barrios y las escuelas no est\u00e1n a salvo de la violencia armada, generaciones enteras de ni\u00f1os se ven afectadas.<br><br>\n\n<b>La violencia armada destruye familias y comunidades<\/b><br><br>  El impacto de la exposici\u00f3n de ni\u00f1os y adolescentes a la violencia armada <b>Acceso a la salud mental: Los ni\u00f1os se ven perjudicados de numerosas maneras cuando son testigos de la violencia.<\/b> Los ni\u00f1os expuestos a la violencia, la delincuencia y los abusos tienen m\u00e1s probabilidades de abusar de las drogas y el alcohol; de sufrir depresi\u00f3n, ansiedad y trastorno de estr\u00e9s postraum\u00e1tico; de recurrir a comportamientos agresivos y violentos; y de participar en actividades delictivas. La exposici\u00f3n a la violencia comunitaria, como presenciar tiroteos y o\u00edr disparos, dificulta el \u00e9xito escolar de los ni\u00f1os.<br><br><b>La exposici\u00f3n de los ni\u00f1os a la violencia armada tambi\u00e9n puede erosionar su salud f\u00edsica.<\/b> Cuando los ni\u00f1os viven en barrios donde la violencia armada es habitual, pasan menos tiempo jugando y siendo f\u00edsicamente activos, estableciendo relaciones sanas con sus familias y compa\u00f1eros.<br><br> <b>El estr\u00e9s relacionado con la violencia armada afecta al rendimiento de los alumnos y al bienestar mental en las escuelas. <\/b>Los ni\u00f1os en edad escolar tienen peores notas y m\u00e1s ausencias cuando est\u00e1n expuestos a la violencia. Los estudiantes que han estado expuestos a la violencia obtienen peores resultados en los ex\u00e1menes y tienen tasas m\u00e1s bajas de graduaci\u00f3n en la escuela secundaria<\/div>\t\t\t\t<\/div>\n\t\t\t\t<\/div>\n\t\t\t\t\t<\/div>\n\t\t<\/div>\n\t\t\t\t\t<\/div>\n\t\t<\/section>\n\t\t\t\t\t<\/div>\n\t\t<\/div>\n\t\t\t\t\t<\/div>\n\t\t<\/section>\n\t\t\t\t<\/div>\n\t\t","protected":false},"excerpt":{"rendered":"<p>VIOLENCIA ARMADA Inicio \/ Violencia armada pilares La violencia armada tiene un&nbsp;impacto devastador en las comunidades hispanas La Legislatura del Estado de Washington debe financiar adecuadamente los programas comunitarios de [&hellip;]<\/p>\n","protected":false},"author":1,"featured_media":0,"parent":0,"menu_order":0,"comment_status":"closed","ping_status":"closed","template":"elementor_header_footer","meta":{"_monsterinsights_skip_tracking":false,"_monsterinsights_sitenote_active":false,"_monsterinsights_sitenote_note":"","_monsterinsights_sitenote_category":0,"site-sidebar-layout":"no-sidebar","site-content-layout":"","ast-site-content-layout":"full-width-container","site-content-style":"default","site-sidebar-style":"default","ast-global-header-display":"","ast-banner-title-visibility":"","ast-main-header-display":"","ast-hfb-above-header-display":"","ast-hfb-below-header-display":"","ast-hfb-mobile-header-display":"","site-post-title":"disabled","ast-breadcrumbs-content":"","ast-featured-img":"disabled","footer-sml-layout":"","ast-disable-related-posts":"","theme-transparent-header-meta":"","adv-header-id-meta":"","stick-header-meta":"","header-above-stick-meta":"","header-main-stick-meta":"","header-below-stick-meta":"","astra-migrate-meta-layouts":"default","ast-page-background-enabled":"default","ast-page-background-meta":{"desktop":{"background-color":"var(--ast-global-color-4)","background-image":"","background-repeat":"repeat","background-position":"center center","background-size":"auto","background-attachment":"scroll","background-type":"","background-media":"","overlay-type":"","overlay-color":"","overlay-opacity":"","overlay-gradient":""},"tablet":{"background-color":"","background-image":"","background-repeat":"repeat","background-position":"center center","background-size":"auto","background-attachment":"scroll","background-type":"","background-media":"","overlay-type":"","overlay-color":"","overlay-opacity":"","overlay-gradient":""},"mobile":{"background-color":"","background-image":"","background-repeat":"repeat","background-position":"center center","background-size":"auto","background-attachment":"scroll","background-type":"","background-media":"","overlay-type":"","overlay-color":"","overlay-opacity":"","overlay-gradient":""}},"ast-content-background-meta":{"desktop":{"background-color":"var(--ast-global-color-5)","background-image":"","background-repeat":"repeat","background-position":"center center","background-size":"auto","background-attachment":"scroll","background-type":"","background-media":"","overlay-type":"","overlay-color":"","overlay-opacity":"","overlay-gradient":""},"tablet":{"background-color":"var(--ast-global-color-5)","background-image":"","background-repeat":"repeat","background-position":"center center","background-size":"auto","background-attachment":"scroll","background-type":"","background-media":"","overlay-type":"","overlay-color":"","overlay-opacity":"","overlay-gradient":""},"mobile":{"background-color":"var(--ast-global-color-5)","background-image":"","background-repeat":"repeat","background-position":"center center","background-size":"auto","background-attachment":"scroll","background-type":"","background-media":"","overlay-type":"","overlay-color":"","overlay-opacity":"","overlay-gradient":""}},"footnotes":""},"class_list":["post-2414","page","type-page","status-publish","hentry"],"aioseo_notices":[],"_links":{"self":[{"href":"https:\/\/lcavotes.org\/es\/wp-json\/wp\/v2\/pages\/2414","targetHints":{"allow":["GET"]}}],"collection":[{"href":"https:\/\/lcavotes.org\/es\/wp-json\/wp\/v2\/pages"}],"about":[{"href":"https:\/\/lcavotes.org\/es\/wp-json\/wp\/v2\/types\/page"}],"author":[{"embeddable":true,"href":"https:\/\/lcavotes.org\/es\/wp-json\/wp\/v2\/users\/1"}],"replies":[{"embeddable":true,"href":"https:\/\/lcavotes.org\/es\/wp-json\/wp\/v2\/comments?post=2414"}],"version-history":[{"count":12,"href":"https:\/\/lcavotes.org\/es\/wp-json\/wp\/v2\/pages\/2414\/revisions"}],"predecessor-version":[{"id":4127,"href":"https:\/\/lcavotes.org\/es\/wp-json\/wp\/v2\/pages\/2414\/revisions\/4127"}],"wp:attachment":[{"href":"https:\/\/lcavotes.org\/es\/wp-json\/wp\/v2\/media?parent=2414"}],"curies":[{"name":"wp","href":"https:\/\/api.w.org\/{rel}","templated":true}]}}